{"id":767,"date":"2021-03-02T13:50:21","date_gmt":"2021-03-02T12:50:21","guid":{"rendered":"https:\/\/www.zirkel-guetersloh.de\/?page_id=767"},"modified":"2024-03-20T18:05:53","modified_gmt":"2024-03-20T17:05:53","slug":"freie-plaetze","status":"publish","type":"page","link":"https:\/\/www.zirkel-guetersloh.de\/index.php\/angebote\/wohnen\/freie-plaetze\/","title":{"rendered":"Freie Pl\u00e4tze"},"content":{"rendered":"\t\t<div data-elementor-type=\"wp-page\" data-elementor-id=\"767\" class=\"elementor elementor-767\">\n\t\t\t\t<div class=\"aux-parallax-section elementor-element elementor-element-fd54b69 e-con-full e-flex e-con e-parent\" data-id=\"fd54b69\" data-element_type=\"container\" data-e-type=\"container\" data-settings=\"{&quot;background_background&quot;:&quot;classic&quot;,&quot;_ob_use_container_extras&quot;:&quot;no&quot;,&quot;_ob_column_hoveranimator&quot;:&quot;no&quot;,&quot;_ob_glider_is_slider&quot;:&quot;no&quot;,&quot;_ob_column_has_pseudo&quot;:&quot;no&quot;}\">\n\t\t\t\t<\/div>\n\t\t\t\t<section class=\"elementor-section elementor-top-section elementor-element elementor-element-5816e98 elementor-section-boxed elementor-section-height-default elementor-section-height-default\" data-id=\"5816e98\" data-element_type=\"section\" data-e-type=\"section\" data-settings=\"{&quot;_ob_glider_is_slider&quot;:&quot;no&quot;}\">\n\t\t\t\t\t\t<div class=\"elementor-container elementor-column-gap-default\">\n\t\t\t\t\t<div class=\"aux-parallax-section elementor-column elementor-col-100 elementor-top-column elementor-element elementor-element-35b42d7\" data-id=\"35b42d7\" data-element_type=\"column\" data-e-type=\"column\" data-settings=\"{&quot;_ob_column_hoveranimator&quot;:&quot;no&quot;,&quot;_ob_column_has_pseudo&quot;:&quot;no&quot;}\">\n\t\t\t<div class=\"elementor-widget-wrap elementor-element-populated\">\n\t\t\t\t\t\t<div class=\"elementor-element elementor-element-3553b30 ob-has-background-overlay elementor-widget elementor-widget-spacer\" data-id=\"3553b30\" data-element_type=\"widget\" data-e-type=\"widget\" data-settings=\"{&quot;_ob_spacerat_use&quot;:&quot;no&quot;,&quot;_ob_widget_stalker_use&quot;:&quot;no&quot;,&quot;_ob_poopart_use&quot;:&quot;yes&quot;,&quot;_ob_shadough_use&quot;:&quot;no&quot;,&quot;_ob_allow_hoveranimator&quot;:&quot;no&quot;}\" data-widget_type=\"spacer.default\">\n\t\t\t\t<div class=\"elementor-widget-container\">\n\t\t\t\t\t\t\t<div class=\"elementor-spacer\">\n\t\t\t<div class=\"elementor-spacer-inner\"><\/div>\n\t\t<\/div>\n\t\t\t\t\t\t<\/div>\n\t\t\t\t<\/div>\n\t\t\t\t\t<\/div>\n\t\t<\/div>\n\t\t\t\t\t<\/div>\n\t\t<\/section>\n\t\t<div class=\"aux-parallax-section elementor-element elementor-element-ee5c64e e-flex e-con-boxed e-con e-parent\" data-id=\"ee5c64e\" data-element_type=\"container\" data-e-type=\"container\" data-settings=\"{&quot;_ob_use_container_extras&quot;:&quot;no&quot;,&quot;_ob_column_hoveranimator&quot;:&quot;no&quot;,&quot;_ob_glider_is_slider&quot;:&quot;no&quot;,&quot;_ob_column_has_pseudo&quot;:&quot;no&quot;}\">\n\t\t\t\t\t<div class=\"e-con-inner\">\n\t\t<div class=\"elementor-element elementor-element-efb27bd e-con-full e-flex e-con e-child\" data-id=\"efb27bd\" data-element_type=\"container\" data-e-type=\"container\" data-settings=\"{&quot;_ob_use_container_extras&quot;:&quot;no&quot;,&quot;_ob_column_hoveranimator&quot;:&quot;no&quot;,&quot;_ob_glider_is_slider&quot;:&quot;no&quot;,&quot;_ob_column_has_pseudo&quot;:&quot;no&quot;}\">\n\t\t\t\t<div class=\"elementor-element elementor-element-614a76c ob-harakiri-inherit ob-has-background-overlay elementor-widget elementor-widget-heading\" data-id=\"614a76c\" data-element_type=\"widget\" data-e-type=\"widget\" data-settings=\"{&quot;_ob_use_harakiri&quot;:&quot;yes&quot;,&quot;_ob_harakiri_writing_mode&quot;:&quot;inherit&quot;,&quot;_ob_harakiri_text_clip&quot;:&quot;none&quot;,&quot;_ob_widget_stalker_use&quot;:&quot;no&quot;,&quot;_ob_poopart_use&quot;:&quot;yes&quot;,&quot;_ob_shadough_use&quot;:&quot;no&quot;,&quot;_ob_allow_hoveranimator&quot;:&quot;no&quot;}\" data-widget_type=\"heading.default\">\n\t\t\t\t<div class=\"elementor-widget-container\">\n\t\t\t\t\t<h2 class=\"elementor-heading-title elementor-size-default\">Platzfinder<\/h2>\t\t\t\t<\/div>\n\t\t\t\t<\/div>\n\t\t\t\t<div class=\"elementor-element elementor-element-5c7237a ob-harakiri-inherit ob-has-background-overlay elementor-widget elementor-widget-heading\" data-id=\"5c7237a\" data-element_type=\"widget\" data-e-type=\"widget\" data-settings=\"{&quot;_ob_use_harakiri&quot;:&quot;yes&quot;,&quot;_ob_harakiri_writing_mode&quot;:&quot;inherit&quot;,&quot;_ob_harakiri_text_clip&quot;:&quot;none&quot;,&quot;_ob_widget_stalker_use&quot;:&quot;no&quot;,&quot;_ob_poopart_use&quot;:&quot;yes&quot;,&quot;_ob_shadough_use&quot;:&quot;no&quot;,&quot;_ob_allow_hoveranimator&quot;:&quot;no&quot;}\" data-widget_type=\"heading.default\">\n\t\t\t\t<div class=\"elementor-widget-container\">\n\t\t\t\t\t<h2 class=\"elementor-heading-title elementor-size-medium\">Freie Pl\u00e4tze in den Wohngruppen des Zirkels<\/h2>\t\t\t\t<\/div>\n\t\t\t\t<\/div>\n\t\t\t\t<div class=\"elementor-element elementor-element-2859f62 ob-harakiri-inherit ob-has-background-overlay elementor-widget elementor-widget-text-editor\" data-id=\"2859f62\" data-element_type=\"widget\" data-e-type=\"widget\" data-settings=\"{&quot;_ob_use_harakiri&quot;:&quot;yes&quot;,&quot;_ob_harakiri_writing_mode&quot;:&quot;inherit&quot;,&quot;_ob_postman_use&quot;:&quot;no&quot;,&quot;_ob_widget_stalker_use&quot;:&quot;no&quot;,&quot;_ob_poopart_use&quot;:&quot;yes&quot;,&quot;_ob_shadough_use&quot;:&quot;no&quot;,&quot;_ob_allow_hoveranimator&quot;:&quot;no&quot;}\" data-widget_type=\"text-editor.default\">\n\t\t\t\t<div class=\"elementor-widget-container\">\n\t\t\t\t\t\t\t\t\t<p>Der Zirkel G\u00fctersloh hat sich zur Aufgabe gestellt, in seinen Einrichtungen den Menschen mit geistigen Behinderungen, psychischen Erkrankungen und Suchterkrankungen in allen Lebenslagen und Lebensabschnitten eine angemessene und individuelle Begleitung und Unterst\u00fctzung anzubieten. Wesentliche Ziele unserer Arbeit mit Menschen mit geistigen Behinderungen, psychischen Erkrankungen und Suchterkrankungen sind die Teilnahme am gesellschaftlichen Leben und die Integration in ein \u201enormales\u201c Lebensumfeld. \u201eTeil sein und teilhaben\u201c ist der Leitgedanke der Arbeit in der Eingliederungshilfeleistung des Zirkels.<\/p><p>Der Zirkel G\u00fctersloh m\u00f6chte den zu betreuenden Menschen mit differenzierten Wohn- und Betreuungsangeboten von Trainings-, Betreuungs- und Versorgungsma\u00dfnahmen ein Leben unter normalen Bedingungen erm\u00f6glichen.<\/p><p>Wohnen bedeutet nicht nur Versorgung, Unterkunft und Verpflegung, sondern Geborgenheit und Eigenst\u00e4ndigkeit, Privatheit und Gemeinschaft, die M\u00f6glichkeit des R\u00fcckzugs und die Offenheit nach au\u00dfen. Der Wohnraum ist Lebensraum und ein Ort individueller Entfaltung mit dem Anspruch auf Intimit\u00e4t und individueller Lebensverwirklichung und Gestaltung.<\/p>\t\t\t\t\t\t\t\t<\/div>\n\t\t\t\t<\/div>\n\t\t\t\t<\/div>\n\t\t<div class=\"elementor-element elementor-element-d6f1f54 e-con-full e-flex e-con e-child\" data-id=\"d6f1f54\" data-element_type=\"container\" data-e-type=\"container\" data-settings=\"{&quot;background_background&quot;:&quot;classic&quot;,&quot;_ob_use_container_extras&quot;:&quot;no&quot;,&quot;_ob_column_hoveranimator&quot;:&quot;no&quot;,&quot;_ob_glider_is_slider&quot;:&quot;no&quot;,&quot;_ob_column_has_pseudo&quot;:&quot;no&quot;}\">\n\t\t\t\t<div class=\"elementor-element elementor-element-fb3d260 ob-harakiri-inherit ob-has-background-overlay elementor-widget elementor-widget-text-editor\" data-id=\"fb3d260\" data-element_type=\"widget\" data-e-type=\"widget\" data-settings=\"{&quot;_ob_use_harakiri&quot;:&quot;yes&quot;,&quot;_ob_harakiri_writing_mode&quot;:&quot;inherit&quot;,&quot;_ob_postman_use&quot;:&quot;no&quot;,&quot;_ob_widget_stalker_use&quot;:&quot;no&quot;,&quot;_ob_poopart_use&quot;:&quot;yes&quot;,&quot;_ob_shadough_use&quot;:&quot;no&quot;,&quot;_ob_allow_hoveranimator&quot;:&quot;no&quot;}\" data-widget_type=\"text-editor.default\">\n\t\t\t\t<div class=\"elementor-widget-container\">\n\t\t\t\t\t\t\t\t\t<h4>Ansprechpartner<\/h4><p><strong>Harald Marquardt<\/strong> <br \/>Einrichtungsleitung\/QMB\/DSB<br \/><br \/>Zirkel G\u00fctersloh<br \/>Saligmannsweg 52<br \/>33330 G\u00fctersloh<\/p><p><br \/><strong>Tel.:<\/strong> 05241 \u2013 92504 &#8211; 0 \/ -11<br \/><strong>Mobil:<\/strong> 0176 \u2013 34419533<br \/><strong>E-Mail:<\/strong> <a href=\"mailto:harald.marquardt@zirkel-gt.de\">harald.marquardt@zirkel-gt.de<\/a><\/p>\t\t\t\t\t\t\t\t<\/div>\n\t\t\t\t<\/div>\n\t\t\t\t<\/div>\n\t\t\t\t\t<\/div>\n\t\t\t\t<\/div>\n\t\t<div class=\"aux-parallax-section elementor-element elementor-element-f33d301 e-flex e-con-boxed e-con e-parent\" data-id=\"f33d301\" data-element_type=\"container\" data-e-type=\"container\" data-settings=\"{&quot;_ob_use_container_extras&quot;:&quot;no&quot;,&quot;_ob_column_hoveranimator&quot;:&quot;no&quot;,&quot;_ob_glider_is_slider&quot;:&quot;no&quot;,&quot;_ob_column_has_pseudo&quot;:&quot;no&quot;}\">\n\t\t\t\t\t<div class=\"e-con-inner\">\n\t\t<div class=\"elementor-element elementor-element-12e4711 e-con-full e-flex e-con e-child\" data-id=\"12e4711\" data-element_type=\"container\" data-e-type=\"container\" data-settings=\"{&quot;_ob_use_container_extras&quot;:&quot;no&quot;,&quot;_ob_column_hoveranimator&quot;:&quot;no&quot;,&quot;_ob_glider_is_slider&quot;:&quot;no&quot;,&quot;_ob_column_has_pseudo&quot;:&quot;no&quot;}\">\n\t\t\t\t<div class=\"elementor-element elementor-element-4cb6b15 elementor-icon-list--layout-traditional elementor-list-item-link-full_width ob-has-background-overlay elementor-widget elementor-widget-icon-list\" data-id=\"4cb6b15\" data-element_type=\"widget\" data-e-type=\"widget\" data-settings=\"{&quot;_ob_widget_stalker_use&quot;:&quot;no&quot;,&quot;_ob_poopart_use&quot;:&quot;yes&quot;,&quot;_ob_shadough_use&quot;:&quot;no&quot;,&quot;_ob_allow_hoveranimator&quot;:&quot;no&quot;}\" data-widget_type=\"icon-list.default\">\n\t\t\t\t<div class=\"elementor-widget-container\">\n\t\t\t\t\t\t\t<ul class=\"elementor-icon-list-items\">\n\t\t\t\t\t\t\t<li class=\"elementor-icon-list-item\">\n\t\t\t\t\t\t\t\t\t\t\t<span class=\"elementor-icon-list-icon\">\n\t\t\t\t\t\t\t<svg aria-hidden=\"true\" class=\"e-font-icon-svg e-fas-info-circle\" viewBox=\"0 0 512 512\" xmlns=\"http:\/\/www.w3.org\/2000\/svg\"><path d=\"M256 8C119.043 8 8 119.083 8 256c0 136.997 111.043 248 248 248s248-111.003 248-248C504 119.083 392.957 8 256 8zm0 110c23.196 0 42 18.804 42 42s-18.804 42-42 42-42-18.804-42-42 18.804-42 42-42zm56 254c0 6.627-5.373 12-12 12h-88c-6.627 0-12-5.373-12-12v-24c0-6.627 5.373-12 12-12h12v-64h-12c-6.627 0-12-5.373-12-12v-24c0-6.627 5.373-12 12-12h64c6.627 0 12 5.373 12 12v100h12c6.627 0 12 5.373 12 12v24z\"><\/path><\/svg>\t\t\t\t\t\t<\/span>\n\t\t\t\t\t\t\t\t\t\t<span class=\"elementor-icon-list-text\">Zur Zeit gibt es keine freien Pl\u00e4tze.<\/span>\n\t\t\t\t\t\t\t\t\t<\/li>\n\t\t\t\t\t\t<\/ul>\n\t\t\t\t\t\t<\/div>\n\t\t\t\t<\/div>\n\t\t\t\t<\/div>\n\t\t<div class=\"elementor-element elementor-element-ecc65ba e-con-full e-flex e-con e-child\" data-id=\"ecc65ba\" data-element_type=\"container\" data-e-type=\"container\" data-settings=\"{&quot;_ob_use_container_extras&quot;:&quot;no&quot;,&quot;_ob_column_hoveranimator&quot;:&quot;no&quot;,&quot;_ob_glider_is_slider&quot;:&quot;no&quot;,&quot;_ob_column_has_pseudo&quot;:&quot;no&quot;}\">\n\t\t\t\t<\/div>\n\t\t\t\t\t<\/div>\n\t\t\t\t<\/div>\n\t\t\t\t<\/div>\n\t\t","protected":false},"excerpt":{"rendered":"<p>Platzfinder Freie Pl\u00e4tze in den Wohngruppen des Zirkels Der Zirkel G\u00fctersloh hat sich zur Aufgabe gestellt, in seinen Einrichtungen den Menschen mit geistigen Behinderungen, psychischen Erkrankungen und Suchterkrankungen in allen Lebenslagen und Lebensabschnitten eine angemessene und individuelle Begleitung und Unterst\u00fctzung anzubieten. Wesentliche Ziele unserer Arbeit mit Menschen mit geistigen Behinderungen, psychischen Erkrankungen und Suchterkrankungen sind [&hellip;]<\/p>\n","protected":false},"author":1,"featured_media":0,"parent":122,"menu_order":0,"comment_status":"closed","ping_status":"closed","template":"","meta":{"footnotes":""},"class_list":["post-767","page","type-page","status-publish","hentry"],"_links":{"self":[{"href":"https:\/\/www.zirkel-guetersloh.de\/index.php\/wp-json\/wp\/v2\/pages\/767","targetHints":{"allow":["GET"]}}],"collection":[{"href":"https:\/\/www.zirkel-guetersloh.de\/index.php\/wp-json\/wp\/v2\/pages"}],"about":[{"href":"https:\/\/www.zirkel-guetersloh.de\/index.php\/wp-json\/wp\/v2\/types\/page"}],"author":[{"embeddable":true,"href":"https:\/\/www.zirkel-guetersloh.de\/index.php\/wp-json\/wp\/v2\/users\/1"}],"replies":[{"embeddable":true,"href":"https:\/\/www.zirkel-guetersloh.de\/index.php\/wp-json\/wp\/v2\/comments?post=767"}],"version-history":[{"count":72,"href":"https:\/\/www.zirkel-guetersloh.de\/index.php\/wp-json\/wp\/v2\/pages\/767\/revisions"}],"predecessor-version":[{"id":1335,"href":"https:\/\/www.zirkel-guetersloh.de\/index.php\/wp-json\/wp\/v2\/pages\/767\/revisions\/1335"}],"up":[{"embeddable":true,"href":"https:\/\/www.zirkel-guetersloh.de\/index.php\/wp-json\/wp\/v2\/pages\/122"}],"wp:attachment":[{"href":"https:\/\/www.zirkel-guetersloh.de\/index.php\/wp-json\/wp\/v2\/media?parent=767"}],"curies":[{"name":"wp","href":"https:\/\/api.w.org\/{rel}","templated":true}]}}